{"id":3621,"date":"2024-05-29T19:09:17","date_gmt":"2024-05-29T19:09:17","guid":{"rendered":"https:\/\/info-ambienteweb.cl\/?post_type=product&#038;p=3621"},"modified":"2024-05-29T19:10:31","modified_gmt":"2024-05-29T19:10:31","slug":"aire-acondicionado-inverter-12000-btu-h","status":"publish","type":"product","link":"https:\/\/www.technicalclima.cl\/?product=aire-acondicionado-inverter-12000-btu-h","title":{"rendered":"Aire Acondicionado inverter 12000 btu\/h"},"content":{"rendered":"<p>El nuevo Split Muro Anwo de Alta eficiencia Inverter R32 posee un dise\u00f1o elegante y m\u00e1s compacto, trabaja con Refrigerante Ecol\u00f3gico R32 que posee un \u00edndice GWP menor al R410A lo que lo hace m\u00e1s Sustentable y amigable con el medio ambiente. Posee Eficiencia EER clase \u201cA\u201d y muchas funciones donde destacan el reinicio autom\u00e1tico, funci\u00f3n dormir programable. Estos equipos consideran Kit de Ca\u00f1er\u00edas de 4mt, cable de conexi\u00f3n el\u00e9ctrica y de control entre unidades y garant\u00eda de 3 a\u00f1os<\/p>\n<ul>\n<li>EQUIPO BOMBA DE CALOR INVERTER R32<\/li>\n<li>ALTA EFICIENCIA A CARGA PARCIAL<\/li>\n<li>FUNCION DE AUTOLIMPIEZA<\/li>\n<li>ACCESO SUPERIOR PARA CAMBIO DE FILTRO DE AIRE<\/li>\n<li>7 VELOCIDADES<\/li>\n<li>WIFI INTEGRADO COMPATIBLE CON LA APP ANWO HOME<\/li>\n<\/ul>\n","protected":false},"excerpt":{"rendered":"<p>El nuevo Split Muro Anwo de Alta eficiencia Inverter R32 posee un dise\u00f1o elegante y m\u00e1s compacto, trabaja con Refrigerante Ecol\u00f3gico R32 que posee un \u00edndice GWP menor al R410A lo que lo hace m\u00e1s Sustentable y amigable con el medio ambiente. Posee Eficiencia EER clase \u201cA\u201d y muchas funciones donde destacan el reinicio autom\u00e1tico, funci\u00f3n dormir programable. Estos equipos consideran Kit de Ca\u00f1er\u00edas de 4mt, cable de conexi\u00f3n el\u00e9ctrica y de control entre unidades y garant\u00eda de 3 a\u00f1os<\/p>\n","protected":false},"featured_media":3622,"comment_status":"open","ping_status":"closed","template":"","meta":[],"product_brand":[],"product_cat":[15],"product_tag":[],"class_list":{"0":"post-3621","1":"product","2":"type-product","3":"status-publish","4":"has-post-thumbnail","6":"product_cat-uncategorized","7":"description-off","9":"first","10":"instock","11":"shipping-taxable","12":"purchasable","13":"product-type-simple"},"_links":{"self":[{"href":"https:\/\/www.technicalclima.cl\/index.php?rest_route=\/wp\/v2\/product\/3621","targetHints":{"allow":["GET"]}}],"collection":[{"href":"https:\/\/www.technicalclima.cl\/index.php?rest_route=\/wp\/v2\/product"}],"about":[{"href":"https:\/\/www.technicalclima.cl\/index.php?rest_route=\/wp\/v2\/types\/product"}],"replies":[{"embeddable":true,"href":"https:\/\/www.technicalclima.cl\/index.php?rest_route=%2Fwp%2Fv2%2Fcomments&post=3621"}],"version-history":[{"count":3,"href":"https:\/\/www.technicalclima.cl\/index.php?rest_route=\/wp\/v2\/product\/3621\/revisions"}],"predecessor-version":[{"id":3625,"href":"https:\/\/www.technicalclima.cl\/index.php?rest_route=\/wp\/v2\/product\/3621\/revisions\/3625"}],"wp:featuredmedia":[{"embeddable":true,"href":"https:\/\/www.technicalclima.cl\/index.php?rest_route=\/wp\/v2\/media\/3622"}],"wp:attachment":[{"href":"https:\/\/www.technicalclima.cl\/index.php?rest_route=%2Fwp%2Fv2%2Fmedia&parent=3621"}],"wp:term":[{"taxonomy":"product_brand","embeddable":true,"href":"https:\/\/www.technicalclima.cl\/index.php?rest_route=%2Fwp%2Fv2%2Fproduct_brand&post=3621"},{"taxonomy":"product_cat","embeddable":true,"href":"https:\/\/www.technicalclima.cl\/index.php?rest_route=%2Fwp%2Fv2%2Fproduct_cat&post=3621"},{"taxonomy":"product_tag","embeddable":true,"href":"https:\/\/www.technicalclima.cl\/index.php?rest_route=%2Fwp%2Fv2%2Fproduct_tag&post=3621"}],"curies":[{"name":"wp","href":"https:\/\/api.w.org\/{rel}","templated":true}]}}